{"id":767,"date":"2017-09-20T13:36:57","date_gmt":"2017-09-20T11:36:57","guid":{"rendered":"https:\/\/promo-theme.com\/novo\/dark\/?page_id=767"},"modified":"2024-07-10T11:57:06","modified_gmt":"2024-07-10T09:57:06","slug":"contactez-moi","status":"publish","type":"page","link":"https:\/\/santiag.net\/en\/contactez-moi\/","title":{"rendered":"Coordonn\u00e9es"},"content":{"rendered":"<div class=\"wpb-content-wrapper\"><div class=\"vc_row wpb_row vc_row-fluid vc_row-69f63315f1c63\"><div class=\"wpb_column vc_column_container vc_col-sm-12 vc_row-69f63315f2308\"><div class=\"vc_column-inner\"><div class=\"wpb_wrapper\"><h2 style=\"text-align: left\" class=\"vc_custom_heading vc_do_custom_heading\" >Contact me<\/h2><\/div><\/div><\/div><\/div><div class=\"vc_row wpb_row vc_row-fluid vc_row-69f63315f273c\"><div class=\"wpb_column vc_column_container vc_col-sm-12 vc_col-lg-4 vc_col-md-12 vc_row-69f63315f28ed\"><div class=\"vc_column-inner\"><div class=\"wpb_wrapper\">\n\t<div class=\"wpb_text_column wpb_content_element\" >\n\t\t<div class=\"wpb_wrapper\">\n\t\t\t<p style=\"text-align: center;\"><span style=\"font-size: 18px;\">The shop of SAINT TROPEZ<\/span><\/p>\n<p><img loading=\"lazy\" decoding=\"async\" class=\"alignnone wp-image-2057 aligncenter\" src=\"https:\/\/santiag.net\/wp-content\/uploads\/2021\/01\/Shop-225x300.jpg\" alt=\"\" width=\"155\" height=\"207\" \/><\/p>\n<div id=\"gtx-trans\" style=\"position: absolute; left: 337px; top: -8.44444px;\">\n<div class=\"gtx-trans-icon\"><\/div>\n<\/div>\n\n\t\t<\/div>\n\t<\/div>\n<\/div><\/div><\/div><div class=\"wpb_column vc_column_container vc_col-sm-12 vc_col-lg-4 vc_col-md-6 vc_col-xs-12 vc_row-69f63315f2b95\"><div class=\"vc_column-inner\"><div class=\"wpb_wrapper\"><div class=\"vc_row wpb_row vc_inner vc_row-fluid\"><div class=\"wpb_column vc_column_container vc_col-sm-3\"><div class=\"vc_column-inner\"><div class=\"wpb_wrapper\"><div class=\"vc_icon_element vc_icon_element-outer vc_do_icon vc_icon_element-align-left vc_icon_element-have-style\"><div class=\"vc_icon_element-inner vc_icon_element-color-custom vc_icon_element-have-style-inner vc_icon_element-size-md vc_icon_element-style-rounded-outline vc_icon_element-outline vc_icon_element-background-color-custom\"  style=\"border-color:#c48f56\"><span class=\"vc_icon_element-icon multimedia-icon-smartphone\" style=\"color: !important\"><\/span><\/div><\/div><\/div><\/div><\/div><div class=\"wpb_column vc_column_container vc_col-sm-9\"><div class=\"vc_column-inner\"><div class=\"wpb_wrapper\">\n\t<div class=\"wpb_text_column wpb_content_element\" >\n\t\t<div class=\"wpb_wrapper\">\n\t\t\t<p style=\"text-align: left;\">+33 (0) 6.23.92.64.27<\/p>\n<div id=\"gtx-trans\" style=\"position: absolute; left: -16px; top: 36.5556px;\">\n<div class=\"gtx-trans-icon\"><\/div>\n<\/div>\n\n\t\t<\/div>\n\t<\/div>\n<\/div><\/div><\/div><\/div><div class=\"vc_row wpb_row vc_inner vc_row-fluid\"><div class=\"wpb_column vc_column_container vc_col-sm-3\"><div class=\"vc_column-inner\"><div class=\"wpb_wrapper\"><div class=\"vc_icon_element vc_icon_element-outer vc_do_icon vc_icon_element-align-left vc_icon_element-have-style\"><div class=\"vc_icon_element-inner vc_icon_element-color-custom vc_icon_element-have-style-inner vc_icon_element-size-md vc_icon_element-style-rounded-outline vc_icon_element-outline vc_icon_element-background-color-custom\"  style=\"border-color:#c48f56\"><span class=\"vc_icon_element-icon multimedia-icon-envelope\" style=\"color: !important\"><\/span><\/div><\/div><\/div><\/div><\/div><div class=\"wpb_column vc_column_container vc_col-sm-9\"><div class=\"vc_column-inner\"><div class=\"wpb_wrapper\">\n\t<div class=\"wpb_text_column wpb_content_element\" >\n\t\t<div class=\"wpb_wrapper\">\n\t\t\t<p style=\"text-align: left;\">santiag.saintrop@free.fr<\/p>\n<div id=\"gtx-trans\" style=\"position: absolute; left: -30px; top: 37.4444px;\">\n<div class=\"gtx-trans-icon\"><\/div>\n<\/div>\n\n\t\t<\/div>\n\t<\/div>\n<\/div><\/div><\/div><\/div><div class=\"vc_row wpb_row vc_inner vc_row-fluid\"><div class=\"wpb_column vc_column_container vc_col-sm-3\"><div class=\"vc_column-inner\"><div class=\"wpb_wrapper\"><div class=\"vc_icon_element vc_icon_element-outer vc_do_icon vc_icon_element-align-left vc_icon_element-have-style\"><div class=\"vc_icon_element-inner vc_icon_element-color-custom vc_icon_element-have-style-inner vc_icon_element-size-md vc_icon_element-style-rounded-outline vc_icon_element-outline vc_icon_element-background-color-custom\"  style=\"border-color:#c48f56\"><span class=\"vc_icon_element-icon multimedia-icon-placeholder\" style=\"color: !important\"><\/span><\/div><\/div><\/div><\/div><\/div><div class=\"wpb_column vc_column_container vc_col-sm-9\"><div class=\"vc_column-inner\"><div class=\"wpb_wrapper\">\n\t<div class=\"wpb_text_column wpb_content_element\" >\n\t\t<div class=\"wpb_wrapper\">\n\t\t\t<p style=\"text-align: left;\">27 rue portail Neuf \u2013 83990 SAINT TROPEZ<\/p>\n<div id=\"gtx-trans\" style=\"position: absolute; left: -13px; top: 37.4444px;\">\n<div class=\"gtx-trans-icon\"><\/div>\n<\/div>\n\n\t\t<\/div>\n\t<\/div>\n<\/div><\/div><\/div><\/div><\/div><\/div><\/div><div class=\"wpb_column vc_column_container vc_col-sm-12 vc_col-lg-4 vc_col-md-6 vc_row-69f63315f3b26\"><div class=\"vc_column-inner\"><div class=\"wpb_wrapper\">\n<div class=\"wpcf7 no-js\" id=\"wpcf7-f760-o1\" lang=\"en-US\" dir=\"ltr\" data-wpcf7-id=\"760\">\n<div class=\"screen-reader-response\"><p role=\"status\" aria-live=\"polite\" aria-atomic=\"true\"><\/p> <ul><\/ul><\/div>\n<form action=\"\/en\/wp-json\/wp\/v2\/pages\/767#wpcf7-f760-o1\" method=\"post\" class=\"wpcf7-form init\" aria-label=\"Contact form\" novalidate=\"novalidate\" data-status=\"init\" data-trp-original-action=\"\/en\/wp-json\/wp\/v2\/pages\/767#wpcf7-f760-o1\">\n<fieldset class=\"hidden-fields-container\"><input type=\"hidden\" name=\"_wpcf7\" value=\"760\" \/><input type=\"hidden\" name=\"_wpcf7_version\" value=\"6.1.5\" \/><input type=\"hidden\" name=\"_wpcf7_locale\" value=\"en_US\" \/><input type=\"hidden\" name=\"_wpcf7_unit_tag\" value=\"wpcf7-f760-o1\" \/><input type=\"hidden\" name=\"_wpcf7_container_post\" value=\"0\" \/><input type=\"hidden\" name=\"_wpcf7_posted_data_hash\" value=\"\" \/>\n<\/fieldset>\n<div class=\"tac\" style=\"max-width: 350px; margin: 0 auto;\">\n<span class=\"wpcf7-form-control-wrap\" data-name=\"name-p\"><input size=\"40\" maxlength=\"400\" class=\"wpcf7-form-control wpcf7-text wpcf7-validates-as-required style3\" aria-required=\"true\" aria-invalid=\"false\" placeholder=\"Your Name\" value=\"\" type=\"text\" name=\"name-p\" \/><\/span>\n<span class=\"wpcf7-form-control-wrap\" data-name=\"mail\"><input size=\"40\" maxlength=\"400\" class=\"wpcf7-form-control wpcf7-text wpcf7-validates-as-required style3\" aria-required=\"true\" aria-invalid=\"false\" placeholder=\"Your mail\" value=\"\" type=\"text\" name=\"mail\" \/><\/span>\n<span class=\"wpcf7-form-control-wrap\" data-name=\"text\"><textarea cols=\"40\" rows=\"4\" maxlength=\"2000\" class=\"wpcf7-form-control wpcf7-textarea wpcf7-validates-as-required style3\" aria-required=\"true\" aria-invalid=\"false\" placeholder=\"Your question\" name=\"text\"><\/textarea><\/span>\n<input class=\"wpcf7-form-control wpcf7-submit has-spinner button-style1\" type=\"submit\" value=\"Send\" \/>\n<\/div><div class=\"wpcf7-response-output\" aria-hidden=\"true\"><\/div>\n<input type=\"hidden\" name=\"trp-form-language\" value=\"en\"\/><\/form>\n<\/div>\n<\/div><\/div><\/div><\/div><div class=\"vc_row wpb_row vc_row-fluid vc_row-5ff0a3c5e1516 vc_row-o-content-middle vc_row-flex\"><div class=\"wpb_column vc_column_container vc_col-sm-12 vc_row-69f6331609637\"><div class=\"vc_column-inner vc_custom_1505914410329\"><div class=\"wpb_wrapper\"><div class=\"vc_empty_space\"   style=\"height: 50px\"><span class=\"vc_empty_space_inner\"><\/span><\/div>\n\t<div class=\"wpb_raw_code wpb_raw_html wpb_content_element\" >\n\t\t<div class=\"wpb_wrapper\">\n\t\t\t<div class=\"mapouter\"><div class=\"gmap_canvas\"><iframe loading=\"lazy\" width=\"100%\" height=\"100%\" id=\"gmap_canvas\" src=\"https:\/\/maps.google.com\/maps?q=27%20rue%20portail%20neuf%2083990&t=&z=17&ie=UTF8&iwloc=&output=embed\" frameborder=\"0\" scrolling=\"no\" marginheight=\"0\" marginwidth=\"0\"><\/iframe><a href=\"\"><\/a><\/div><style>.mapouter{position:relative;text-align:right;height:100%;width:100%;}.gmap_canvas {overflow:hidden;background:none!important;height:500px;width:100%;}<\/style><\/div>\n\t\t<\/div>\n\t<\/div>\n<\/div><\/div><\/div><\/div>\n<\/div>","protected":false},"excerpt":{"rendered":"Contactez moi Le shop de SAINT TROPEZ +33 (0) 6.23.92.64.27 santiag.saintrop@free.fr 27 rue portail Neuf - 83990 SAINT TROPEZ","protected":false},"author":1,"featured_media":0,"parent":0,"menu_order":0,"comment_status":"closed","ping_status":"closed","template":"template-landing.php","meta":{"_acf_changed":false,"footnotes":""},"class_list":["post-767","page","type-page","status-publish","hentry"],"acf":[],"yoast_head":"<!-- This site is optimized with the Yoast SEO plugin v27.5 - https:\/\/yoast.com\/product\/yoast-seo-wordpress\/ -->\n<title>Contactez Santiag Saint Tropez<\/title>\n<meta name=\"description\" content=\"Entrez en contact avec Santiag pour toute demande d&#039;information ou pour commander vos cr\u00e9ations personnalis\u00e9es \u00e0 Saint-Tropez.\" \/>\n<meta name=\"robots\" content=\"index, follow, max-snippet:-1, max-image-preview:large, max-video-preview:-1\" \/>\n<link rel=\"canonical\" href=\"https:\/\/santiag.net\/en\/contactez-moi\/\" \/>\n<meta property=\"og:locale\" content=\"en_GB\" \/>\n<meta property=\"og:type\" content=\"article\" \/>\n<meta property=\"og:title\" content=\"Contactez Santiag Saint Tropez\" \/>\n<meta property=\"og:description\" content=\"Entrez en contact avec Santiag pour toute demande d&#039;information ou pour commander vos cr\u00e9ations personnalis\u00e9es \u00e0 Saint-Tropez.\" \/>\n<meta property=\"og:url\" content=\"https:\/\/santiag.net\/en\/contactez-moi\/\" \/>\n<meta property=\"og:site_name\" content=\"Santiag Saintrop\" \/>\n<meta property=\"article:publisher\" content=\"https:\/\/www.facebook.com\/santiagsainttropez\/\" \/>\n<meta property=\"article:modified_time\" content=\"2024-07-10T09:57:06+00:00\" \/>\n<meta property=\"og:image\" content=\"https:\/\/santiag.net\/wp-content\/uploads\/2021\/01\/Shop-225x300.jpg\" \/>\n<meta name=\"twitter:card\" content=\"summary_large_image\" \/>\n<meta name=\"twitter:label1\" content=\"Estimated reading time\" \/>\n\t<meta name=\"twitter:data1\" content=\"1 minute\" \/>\n<script type=\"application\/ld+json\" class=\"yoast-schema-graph\">{\"@context\":\"https:\\\/\\\/schema.org\",\"@graph\":[{\"@type\":\"WebPage\",\"@id\":\"https:\\\/\\\/santiag.net\\\/contactez-moi\\\/\",\"url\":\"https:\\\/\\\/santiag.net\\\/contactez-moi\\\/\",\"name\":\"Contactez Santiag Saint Tropez\",\"isPartOf\":{\"@id\":\"https:\\\/\\\/santiag.net\\\/#website\"},\"primaryImageOfPage\":{\"@id\":\"https:\\\/\\\/santiag.net\\\/contactez-moi\\\/#primaryimage\"},\"image\":{\"@id\":\"https:\\\/\\\/santiag.net\\\/contactez-moi\\\/#primaryimage\"},\"thumbnailUrl\":\"https:\\\/\\\/santiag.net\\\/wp-content\\\/uploads\\\/2021\\\/01\\\/Shop-225x300.jpg\",\"datePublished\":\"2017-09-20T11:36:57+00:00\",\"dateModified\":\"2024-07-10T09:57:06+00:00\",\"description\":\"Entrez en contact avec Santiag pour toute demande d'information ou pour commander vos cr\u00e9ations personnalis\u00e9es \u00e0 Saint-Tropez.\",\"breadcrumb\":{\"@id\":\"https:\\\/\\\/santiag.net\\\/contactez-moi\\\/#breadcrumb\"},\"inLanguage\":\"en-GB\",\"potentialAction\":[{\"@type\":\"ReadAction\",\"target\":[\"https:\\\/\\\/santiag.net\\\/contactez-moi\\\/\"]}]},{\"@type\":\"ImageObject\",\"inLanguage\":\"en-GB\",\"@id\":\"https:\\\/\\\/santiag.net\\\/contactez-moi\\\/#primaryimage\",\"url\":\"https:\\\/\\\/santiag.net\\\/wp-content\\\/uploads\\\/2021\\\/01\\\/Shop-225x300.jpg\",\"contentUrl\":\"https:\\\/\\\/santiag.net\\\/wp-content\\\/uploads\\\/2021\\\/01\\\/Shop-225x300.jpg\"},{\"@type\":\"BreadcrumbList\",\"@id\":\"https:\\\/\\\/santiag.net\\\/contactez-moi\\\/#breadcrumb\",\"itemListElement\":[{\"@type\":\"ListItem\",\"position\":1,\"name\":\"Accueil\",\"item\":\"https:\\\/\\\/santiag.net\\\/\"},{\"@type\":\"ListItem\",\"position\":2,\"name\":\"Coordonn\u00e9es\"}]},{\"@type\":\"WebSite\",\"@id\":\"https:\\\/\\\/santiag.net\\\/#website\",\"url\":\"https:\\\/\\\/santiag.net\\\/\",\"name\":\"Santiag Saintrop\",\"description\":\"Santiag art &amp; crafts.\",\"publisher\":{\"@id\":\"https:\\\/\\\/santiag.net\\\/#organization\"},\"potentialAction\":[{\"@type\":\"SearchAction\",\"target\":{\"@type\":\"EntryPoint\",\"urlTemplate\":\"https:\\\/\\\/santiag.net\\\/?s={search_term_string}\"},\"query-input\":{\"@type\":\"PropertyValueSpecification\",\"valueRequired\":true,\"valueName\":\"search_term_string\"}}],\"inLanguage\":\"en-GB\"},{\"@type\":\"Organization\",\"@id\":\"https:\\\/\\\/santiag.net\\\/#organization\",\"name\":\"Santiag Saintrop\",\"url\":\"https:\\\/\\\/santiag.net\\\/\",\"logo\":{\"@type\":\"ImageObject\",\"inLanguage\":\"en-GB\",\"@id\":\"https:\\\/\\\/santiag.net\\\/#\\\/schema\\\/logo\\\/image\\\/\",\"url\":\"https:\\\/\\\/santiag.net\\\/wp-content\\\/uploads\\\/2024\\\/01\\\/santiag-saint-tropez.jpg\",\"contentUrl\":\"https:\\\/\\\/santiag.net\\\/wp-content\\\/uploads\\\/2024\\\/01\\\/santiag-saint-tropez.jpg\",\"width\":856,\"height\":238,\"caption\":\"Santiag Saintrop\"},\"image\":{\"@id\":\"https:\\\/\\\/santiag.net\\\/#\\\/schema\\\/logo\\\/image\\\/\"},\"sameAs\":[\"https:\\\/\\\/www.facebook.com\\\/santiagsainttropez\\\/\"]}]}<\/script>\n<!-- \/ Yoast SEO plugin. -->","yoast_head_json":{"title":"Contactez Santiag Saint Tropez","description":"Entrez en contact avec Santiag pour toute demande d'information ou pour commander vos cr\u00e9ations personnalis\u00e9es \u00e0 Saint-Tropez.","robots":{"index":"index","follow":"follow","max-snippet":"max-snippet:-1","max-image-preview":"max-image-preview:large","max-video-preview":"max-video-preview:-1"},"canonical":"https:\/\/santiag.net\/en\/contactez-moi\/","og_locale":"en_GB","og_type":"article","og_title":"Contactez Santiag Saint Tropez","og_description":"Entrez en contact avec Santiag pour toute demande d'information ou pour commander vos cr\u00e9ations personnalis\u00e9es \u00e0 Saint-Tropez.","og_url":"https:\/\/santiag.net\/en\/contactez-moi\/","og_site_name":"Santiag Saintrop","article_publisher":"https:\/\/www.facebook.com\/santiagsainttropez\/","article_modified_time":"2024-07-10T09:57:06+00:00","og_image":[{"url":"https:\/\/santiag.net\/wp-content\/uploads\/2021\/01\/Shop-225x300.jpg","type":"","width":"","height":""}],"twitter_card":"summary_large_image","twitter_misc":{"Estimated reading time":"1 minute"},"schema":{"@context":"https:\/\/schema.org","@graph":[{"@type":"WebPage","@id":"https:\/\/santiag.net\/contactez-moi\/","url":"https:\/\/santiag.net\/contactez-moi\/","name":"Contactez Santiag Saint Tropez","isPartOf":{"@id":"https:\/\/santiag.net\/#website"},"primaryImageOfPage":{"@id":"https:\/\/santiag.net\/contactez-moi\/#primaryimage"},"image":{"@id":"https:\/\/santiag.net\/contactez-moi\/#primaryimage"},"thumbnailUrl":"https:\/\/santiag.net\/wp-content\/uploads\/2021\/01\/Shop-225x300.jpg","datePublished":"2017-09-20T11:36:57+00:00","dateModified":"2024-07-10T09:57:06+00:00","description":"Entrez en contact avec Santiag pour toute demande d'information ou pour commander vos cr\u00e9ations personnalis\u00e9es \u00e0 Saint-Tropez.","breadcrumb":{"@id":"https:\/\/santiag.net\/contactez-moi\/#breadcrumb"},"inLanguage":"en-GB","potentialAction":[{"@type":"ReadAction","target":["https:\/\/santiag.net\/contactez-moi\/"]}]},{"@type":"ImageObject","inLanguage":"en-GB","@id":"https:\/\/santiag.net\/contactez-moi\/#primaryimage","url":"https:\/\/santiag.net\/wp-content\/uploads\/2021\/01\/Shop-225x300.jpg","contentUrl":"https:\/\/santiag.net\/wp-content\/uploads\/2021\/01\/Shop-225x300.jpg"},{"@type":"BreadcrumbList","@id":"https:\/\/santiag.net\/contactez-moi\/#breadcrumb","itemListElement":[{"@type":"ListItem","position":1,"name":"Accueil","item":"https:\/\/santiag.net\/"},{"@type":"ListItem","position":2,"name":"Coordonn\u00e9es"}]},{"@type":"WebSite","@id":"https:\/\/santiag.net\/#website","url":"https:\/\/santiag.net\/","name":"Santiag Saintrop","description":"Santiag art &amp; crafts.","publisher":{"@id":"https:\/\/santiag.net\/#organization"},"potentialAction":[{"@type":"SearchAction","target":{"@type":"EntryPoint","urlTemplate":"https:\/\/santiag.net\/?s={search_term_string}"},"query-input":{"@type":"PropertyValueSpecification","valueRequired":true,"valueName":"search_term_string"}}],"inLanguage":"en-GB"},{"@type":"Organization","@id":"https:\/\/santiag.net\/#organization","name":"Santiag Saintrop","url":"https:\/\/santiag.net\/","logo":{"@type":"ImageObject","inLanguage":"en-GB","@id":"https:\/\/santiag.net\/#\/schema\/logo\/image\/","url":"https:\/\/santiag.net\/wp-content\/uploads\/2024\/01\/santiag-saint-tropez.jpg","contentUrl":"https:\/\/santiag.net\/wp-content\/uploads\/2024\/01\/santiag-saint-tropez.jpg","width":856,"height":238,"caption":"Santiag Saintrop"},"image":{"@id":"https:\/\/santiag.net\/#\/schema\/logo\/image\/"},"sameAs":["https:\/\/www.facebook.com\/santiagsainttropez\/"]}]}},"_links":{"self":[{"href":"https:\/\/santiag.net\/en\/wp-json\/wp\/v2\/pages\/767","targetHints":{"allow":["GET"]}}],"collection":[{"href":"https:\/\/santiag.net\/en\/wp-json\/wp\/v2\/pages"}],"about":[{"href":"https:\/\/santiag.net\/en\/wp-json\/wp\/v2\/types\/page"}],"author":[{"embeddable":true,"href":"https:\/\/santiag.net\/en\/wp-json\/wp\/v2\/users\/1"}],"replies":[{"embeddable":true,"href":"https:\/\/santiag.net\/en\/wp-json\/wp\/v2\/comments?post=767"}],"version-history":[{"count":0,"href":"https:\/\/santiag.net\/en\/wp-json\/wp\/v2\/pages\/767\/revisions"}],"wp:attachment":[{"href":"https:\/\/santiag.net\/en\/wp-json\/wp\/v2\/media?parent=767"}],"curies":[{"name":"wp","href":"https:\/\/api.w.org\/{rel}","templated":true}]}}